{"id":7999,"date":"2020-12-02T23:31:44","date_gmt":"2020-12-02T22:31:44","guid":{"rendered":"https:\/\/german-x.com\/rechtlicher-hinweis\/"},"modified":"2024-10-14T12:55:19","modified_gmt":"2024-10-14T10:55:19","slug":"rechtlicher-hinweis","status":"publish","type":"page","link":"https:\/\/mail.german-x.com\/de\/rechtlicher-hinweis\/","title":{"rendered":"Rechtlicher Hinweis"},"content":{"rendered":"\n<h1 class=\"wp-block-heading\">Impressum<\/h1>\n\n<p>Informationen gem\u00e4\u00df \u00a7 5 Telemediengesetz (TMG)<br\/>UPSTART GmbH<br\/>Keplerstra\u00dfe 7<br\/>D-74072 Heilbronn<br\/>Tel.: 07131 &#8211; 2038211<br\/>Fax: 07131 &#8211; 2038219<br\/>E-Mail: info (at) upstart.de <\/p>\n\n<p><strong>Inhaltlich Verantwortlicher gem\u00e4\u00df \u00a7 10 Absatz 3 MDStV:<\/strong><br\/>Sathees Sabaratnam (Anschrift wie oben)<\/p>\n\n<p><strong>Gesch\u00e4ftsf\u00fchrender Direktor:<\/strong><br\/>Sathees Sabaratnam<\/p>\n\n<p><strong>Eingetragener Firmensitz:<\/strong><br\/>Heilbronn<\/p>\n\n<p><strong>Handelsregister:<\/strong><br\/>AG Stuttgart, HRB 748392<\/p>\n\n<p><strong>Umsatzsteuer-Identifikationsnummer<\/strong><br\/>Umsatzsteuer-Identifikationsnummer gem\u00e4\u00df \u00a7 27 a Umsatzsteuergesetz:<br\/>DE27819927182 <\/p>\n\n<p><strong>Verantwortlich f\u00fcr den Inhalt gem\u00e4\u00df \u00a7 55, Absatz 2 RStV <\/strong><br\/>UPSTART GmbH<br\/>Sathees Sabaratnam<br\/>Keplerstr. 7<br\/>D-74072 Heilbronn<\/p>\n\n<p><strong>Streitbeilegungsverfahren vor einer Verbraucherschlichtungsstelle<\/strong><br\/>Wir sind nicht bereit oder verpflichtet, an einem Streitbeilegungsverfahren vor einer Verbraucherschlichtungsstelle teilzunehmen.<\/p>\n\n<p><strong>Social Media:<\/strong><br\/>Dieses Impressum gilt auch f\u00fcr die folgenden Social Media Profile:<\/p>\n\n<p>&#8211; Facebook<br\/>&#8211; Instagram<br\/>&#8211; Twitter<br\/>&#8211; AngelList<br\/>&#8211; Medium<br\/>&#8211; LinkedIn<br\/>&#8211; XING<\/p>\n","protected":false},"excerpt":{"rendered":"<p>Impressum Informationen gem\u00e4\u00df \u00a7 5 Telemediengesetz (TMG)UPSTART GmbHKeplerstra\u00dfe 7D-74072 HeilbronnTel.: 07131 &#8211; 2038211Fax: 07131 &#8211; 2038219E-Mail: info (at) upstart.de Inhaltlich Verantwortlicher gem\u00e4\u00df \u00a7 10 Absatz 3 MDStV:Sathees Sabaratnam (Anschrift wie oben) Gesch\u00e4ftsf\u00fchrender Direktor:Sathees Sabaratnam Eingetragener Firmensitz:Heilbronn Handelsregister:AG Stuttgart, HRB 748392 Umsatzsteuer-IdentifikationsnummerUmsatzsteuer-Identifikationsnummer gem\u00e4\u00df \u00a7 27 a Umsatzsteuergesetz:DE27819927182 Verantwortlich f\u00fcr den Inhalt gem\u00e4\u00df \u00a7 55, Absatz 2&#8230;  <a class=\"excerpt-read-more\" href=\"https:\/\/mail.german-x.com\/de\/rechtlicher-hinweis\/\" title=\"Read Rechtlicher Hinweis\">Read more &raquo;<\/a><\/p>\n","protected":false},"author":1,"featured_media":0,"parent":0,"menu_order":0,"comment_status":"closed","ping_status":"closed","template":"page-custom.php","meta":{"_acf_changed":false,"footnotes":""},"class_list":["post-7999","page","type-page","status-publish","hentry"],"acf":[],"yoast_head":"<!-- This site is optimized with the Yoast SEO plugin v27.4 - https:\/\/yoast.com\/product\/yoast-seo-wordpress\/ -->\n<title>Rechtlicher Hinweis | GERMAN X<\/title>\n<meta name=\"robots\" content=\"index, follow, max-snippet:-1, max-image-preview:large, max-video-preview:-1\" \/>\n<link rel=\"canonical\" href=\"https:\/\/mail.german-x.com\/de\/rechtlicher-hinweis\/\" \/>\n<meta property=\"og:locale\" content=\"de_DE\" \/>\n<meta property=\"og:type\" content=\"article\" \/>\n<meta property=\"og:title\" content=\"Rechtlicher Hinweis | GERMAN X\" \/>\n<meta property=\"og:description\" content=\"Impressum Informationen gem\u00e4\u00df \u00a7 5 Telemediengesetz (TMG)UPSTART GmbHKeplerstra\u00dfe 7D-74072 HeilbronnTel.: 07131 &#8211; 2038211Fax: 07131 &#8211; 2038219E-Mail: info (at) upstart.de Inhaltlich Verantwortlicher gem\u00e4\u00df \u00a7 10 Absatz 3 MDStV:Sathees Sabaratnam (Anschrift wie oben) Gesch\u00e4ftsf\u00fchrender Direktor:Sathees Sabaratnam Eingetragener Firmensitz:Heilbronn Handelsregister:AG Stuttgart, HRB 748392 Umsatzsteuer-IdentifikationsnummerUmsatzsteuer-Identifikationsnummer gem\u00e4\u00df \u00a7 27 a Umsatzsteuergesetz:DE27819927182 Verantwortlich f\u00fcr den Inhalt gem\u00e4\u00df \u00a7 55, Absatz 2... Read more &raquo;\" \/>\n<meta property=\"og:url\" content=\"https:\/\/mail.german-x.com\/de\/rechtlicher-hinweis\/\" \/>\n<meta property=\"og:site_name\" content=\"GERMAN X\" \/>\n<meta property=\"article:modified_time\" content=\"2024-10-14T10:55:19+00:00\" \/>\n<meta name=\"twitter:card\" content=\"summary_large_image\" \/>\n<script type=\"application\/ld+json\" class=\"yoast-schema-graph\">{\"@context\":\"https:\\\/\\\/schema.org\",\"@graph\":[{\"@type\":\"WebPage\",\"@id\":\"https:\\\/\\\/mail.german-x.com\\\/de\\\/rechtlicher-hinweis\\\/\",\"url\":\"https:\\\/\\\/mail.german-x.com\\\/de\\\/rechtlicher-hinweis\\\/\",\"name\":\"Rechtlicher Hinweis | GERMAN X\",\"isPartOf\":{\"@id\":\"\\\/#website\"},\"datePublished\":\"2020-12-02T22:31:44+00:00\",\"dateModified\":\"2024-10-14T10:55:19+00:00\",\"breadcrumb\":{\"@id\":\"https:\\\/\\\/mail.german-x.com\\\/de\\\/rechtlicher-hinweis\\\/#breadcrumb\"},\"inLanguage\":\"de\",\"potentialAction\":[{\"@type\":\"ReadAction\",\"target\":[\"https:\\\/\\\/mail.german-x.com\\\/de\\\/rechtlicher-hinweis\\\/\"]}]},{\"@type\":\"BreadcrumbList\",\"@id\":\"https:\\\/\\\/mail.german-x.com\\\/de\\\/rechtlicher-hinweis\\\/#breadcrumb\",\"itemListElement\":[{\"@type\":\"ListItem\",\"position\":1,\"name\":\"GERMAN X\",\"item\":\"https:\\\/\\\/german-x.com\\\/de\\\/\"},{\"@type\":\"ListItem\",\"position\":2,\"name\":\"Rechtlicher Hinweis\"}]},{\"@type\":\"WebSite\",\"@id\":\"\\\/#website\",\"url\":\"\\\/\",\"name\":\"GERMAN X\",\"description\":\"Entdecke etablierte \u00d6kosysteme und bereite gemeinsam mit GERMAN X den Markteintritt in ein Ausland vor.\",\"publisher\":{\"@id\":\"\\\/#organization\"},\"alternateName\":\"GERMAN X\",\"potentialAction\":[{\"@type\":\"SearchAction\",\"target\":{\"@type\":\"EntryPoint\",\"urlTemplate\":\"\\\/?s={search_term_string}\"},\"query-input\":{\"@type\":\"PropertyValueSpecification\",\"valueRequired\":true,\"valueName\":\"search_term_string\"}}],\"inLanguage\":\"de\"},{\"@type\":\"Organization\",\"@id\":\"\\\/#organization\",\"name\":\"GERMAN X\",\"url\":\"\\\/\",\"logo\":{\"@type\":\"ImageObject\",\"inLanguage\":\"de\",\"@id\":\"\\\/#\\\/schema\\\/logo\\\/image\\\/\",\"url\":\"https:\\\/\\\/www.germanx.com\\\/wp-content\\\/uploads\\\/2022\\\/11\\\/logo-germanx.png\",\"contentUrl\":\"https:\\\/\\\/www.germanx.com\\\/wp-content\\\/uploads\\\/2022\\\/11\\\/logo-germanx.png\",\"width\":408,\"height\":88,\"caption\":\"GERMAN X\"},\"image\":{\"@id\":\"\\\/#\\\/schema\\\/logo\\\/image\\\/\"},\"sameAs\":[\"https:\\\/\\\/www.linkedin.com\\\/company\\\/germanx\\\/\"]}]}<\/script>\n<!-- \/ Yoast SEO plugin. -->","yoast_head_json":{"title":"Rechtlicher Hinweis | GERMAN X","robots":{"index":"index","follow":"follow","max-snippet":"max-snippet:-1","max-image-preview":"max-image-preview:large","max-video-preview":"max-video-preview:-1"},"canonical":"https:\/\/mail.german-x.com\/de\/rechtlicher-hinweis\/","og_locale":"de_DE","og_type":"article","og_title":"Rechtlicher Hinweis | GERMAN X","og_description":"Impressum Informationen gem\u00e4\u00df \u00a7 5 Telemediengesetz (TMG)UPSTART GmbHKeplerstra\u00dfe 7D-74072 HeilbronnTel.: 07131 &#8211; 2038211Fax: 07131 &#8211; 2038219E-Mail: info (at) upstart.de Inhaltlich Verantwortlicher gem\u00e4\u00df \u00a7 10 Absatz 3 MDStV:Sathees Sabaratnam (Anschrift wie oben) Gesch\u00e4ftsf\u00fchrender Direktor:Sathees Sabaratnam Eingetragener Firmensitz:Heilbronn Handelsregister:AG Stuttgart, HRB 748392 Umsatzsteuer-IdentifikationsnummerUmsatzsteuer-Identifikationsnummer gem\u00e4\u00df \u00a7 27 a Umsatzsteuergesetz:DE27819927182 Verantwortlich f\u00fcr den Inhalt gem\u00e4\u00df \u00a7 55, Absatz 2... Read more &raquo;","og_url":"https:\/\/mail.german-x.com\/de\/rechtlicher-hinweis\/","og_site_name":"GERMAN X","article_modified_time":"2024-10-14T10:55:19+00:00","twitter_card":"summary_large_image","schema":{"@context":"https:\/\/schema.org","@graph":[{"@type":"WebPage","@id":"https:\/\/mail.german-x.com\/de\/rechtlicher-hinweis\/","url":"https:\/\/mail.german-x.com\/de\/rechtlicher-hinweis\/","name":"Rechtlicher Hinweis | GERMAN X","isPartOf":{"@id":"\/#website"},"datePublished":"2020-12-02T22:31:44+00:00","dateModified":"2024-10-14T10:55:19+00:00","breadcrumb":{"@id":"https:\/\/mail.german-x.com\/de\/rechtlicher-hinweis\/#breadcrumb"},"inLanguage":"de","potentialAction":[{"@type":"ReadAction","target":["https:\/\/mail.german-x.com\/de\/rechtlicher-hinweis\/"]}]},{"@type":"BreadcrumbList","@id":"https:\/\/mail.german-x.com\/de\/rechtlicher-hinweis\/#breadcrumb","itemListElement":[{"@type":"ListItem","position":1,"name":"GERMAN X","item":"https:\/\/german-x.com\/de\/"},{"@type":"ListItem","position":2,"name":"Rechtlicher Hinweis"}]},{"@type":"WebSite","@id":"\/#website","url":"\/","name":"GERMAN X","description":"Entdecke etablierte \u00d6kosysteme und bereite gemeinsam mit GERMAN X den Markteintritt in ein Ausland vor.","publisher":{"@id":"\/#organization"},"alternateName":"GERMAN X","potentialAction":[{"@type":"SearchAction","target":{"@type":"EntryPoint","urlTemplate":"\/?s={search_term_string}"},"query-input":{"@type":"PropertyValueSpecification","valueRequired":true,"valueName":"search_term_string"}}],"inLanguage":"de"},{"@type":"Organization","@id":"\/#organization","name":"GERMAN X","url":"\/","logo":{"@type":"ImageObject","inLanguage":"de","@id":"\/#\/schema\/logo\/image\/","url":"https:\/\/www.germanx.com\/wp-content\/uploads\/2022\/11\/logo-germanx.png","contentUrl":"https:\/\/www.germanx.com\/wp-content\/uploads\/2022\/11\/logo-germanx.png","width":408,"height":88,"caption":"GERMAN X"},"image":{"@id":"\/#\/schema\/logo\/image\/"},"sameAs":["https:\/\/www.linkedin.com\/company\/germanx\/"]}]}},"_links":{"self":[{"href":"https:\/\/mail.german-x.com\/de\/wp-json\/wp\/v2\/pages\/7999","targetHints":{"allow":["GET"]}}],"collection":[{"href":"https:\/\/mail.german-x.com\/de\/wp-json\/wp\/v2\/pages"}],"about":[{"href":"https:\/\/mail.german-x.com\/de\/wp-json\/wp\/v2\/types\/page"}],"author":[{"embeddable":true,"href":"https:\/\/mail.german-x.com\/de\/wp-json\/wp\/v2\/users\/1"}],"replies":[{"embeddable":true,"href":"https:\/\/mail.german-x.com\/de\/wp-json\/wp\/v2\/comments?post=7999"}],"version-history":[{"count":1,"href":"https:\/\/mail.german-x.com\/de\/wp-json\/wp\/v2\/pages\/7999\/revisions"}],"predecessor-version":[{"id":8000,"href":"https:\/\/mail.german-x.com\/de\/wp-json\/wp\/v2\/pages\/7999\/revisions\/8000"}],"wp:attachment":[{"href":"https:\/\/mail.german-x.com\/de\/wp-json\/wp\/v2\/media?parent=7999"}],"curies":[{"name":"wp","href":"https:\/\/api.w.org\/{rel}","templated":true}]}}