{"id":7983,"date":"2023-06-22T14:48:49","date_gmt":"2023-06-22T12:48:49","guid":{"rendered":"https:\/\/german-x.com\/filipe-costa\/"},"modified":"2024-10-14T13:01:48","modified_gmt":"2024-10-14T11:01:48","slug":"filipe-costa","status":"publish","type":"page","link":"https:\/\/mail.german-x.com\/de\/filipe-costa\/","title":{"rendered":"Filipe Costa"},"content":{"rendered":"<div id=\"mentors-block_243303606044654b098ff5979cb61dcb\" class=\"mentors md:my-24 my-16\">\n    \n    <div class=\"flex sm:justify-between justify-end items-center\">\n    \n        <div class=\"sm:flex hidden gap-4 items-center\">\n            \n            <a class=\"text-base\" href=\"https:\/\/www.german-x.com\/supporters\/\">Supporters<\/a>\n             \n            <p class=\"text-base\">&#8211;<\/p>\n            \n            <p class=\"text-base\">\n                Filipe Costa            <\/p>\n            \n        <\/div>\n        \n        <a class=\"md:py-0.5 py-1 md:px-5 px-3 border-2 border-black rounded-full md:text-lg text-base hover:bg-black hover:text-white\" href=\"https:\/\/www.german-x.com\/supporters\/\">Zur\u00fcck zur \u00dcbersicht<\/a>\n    \n    <\/div>\n    \n    <div class=\"md:mt-12 mt-8\">\n    \n                 \n        \t\t\t\n            <div class=\"sm:grid sm:grid-cols-12 md:gap-8 gap-5 \">\n\n                <div class=\"sm:col-span-3\">\n                    \n                    <img loading=\"lazy\" decoding=\"async\" width=\"500\" height=\"500\" src=\"https:\/\/mail.german-x.com\/wp-content\/uploads\/2024\/04\/Filipe-Costa-1.jpg\" class=\"w-full h-auto\" alt=\"\" srcset=\"https:\/\/mail.german-x.com\/wp-content\/uploads\/2024\/04\/Filipe-Costa-1.jpg 500w, https:\/\/mail.german-x.com\/wp-content\/uploads\/2024\/04\/Filipe-Costa-1-300x300.jpg 300w, https:\/\/mail.german-x.com\/wp-content\/uploads\/2024\/04\/Filipe-Costa-1-150x150.jpg 150w, https:\/\/mail.german-x.com\/wp-content\/uploads\/2024\/04\/Filipe-Costa-1-184x184.jpg 184w, https:\/\/mail.german-x.com\/wp-content\/uploads\/2024\/04\/Filipe-Costa-1-125x125.jpg 125w\" sizes=\"auto, (max-width: 500px) 100vw, 500px\" \/>                    \n                    <a class=\"mt-4 inline-block w-8 h-auto\" href=\"https:\/\/www.linkedin.com\/in\/filipeomcosta\/\" target=\"_blank\">\n                        <svg class=\"w-full h-auto\" xmlns=\"http:\/\/www.w3.org\/2000\/svg\" xml:space=\"preserve\" style=\"fill-rule:evenodd;clip-rule:evenodd;stroke-linejoin:round;stroke-miterlimit:2\" viewBox=\"0 0 32 32\"><path d=\"M32 19.458v11.831h-6.859V20.251c0-2.773-.992-4.666-3.474-4.666-1.895 0-3.023 1.276-3.519 2.509-.181.441-.228 1.055-.228 1.673v11.522h-6.861s.093-18.695 0-20.632h6.86v2.924c-.013.022-.032.046-.045.067h.045v-.067c.912-1.404 2.54-3.409 6.183-3.409 4.514 0 7.898 2.949 7.898 9.286ZM3.882.711C1.535.711 0 2.25 0 4.275c0 1.98 1.491 3.567 3.791 3.567h.046c2.393 0 3.881-1.586 3.881-3.567C7.673 2.25 6.23.711 3.882.711ZM.407 31.289h6.859V10.657H.407v20.632Z\" style=\"fill-rule:nonzero\"\/><\/svg>                    <\/a>\n                    \n                <\/div>\n\n                <div class=\"sm:mt-0 mt-8 sm:col-span-9 sm:pl-8\">                    \n                    \n                    <h3 class=\"font-bold md:text-4xl text-3xl\">\n                        Filipe Costa                     <\/h3>\n\n                    <p class=\"mt-4 text-2xl\">\n                        Founder @ Fundraise.vc                    <\/p>\n\n                    <div class=\"mt-4 prose prose-customtext text-xl\">\n                        <p>I am the Founder of Fundraise.vc, a startup fundraising automation platform, helping venture founders and investors to verify due diligence efficiently.\u00a0I have been Venture Partner at Brazil Venture Capital, helping to originate deal flow, conduct due diligence, and manage portfolio, being responsible to identify and invest in disruptive startups like DevPass, Creditares, Cubi, Netspaces, Pluggy, among others.<\/p>\n<p>In 2016, I founded Novare.vc, startup investor relations portfolio SaaS that was acquired by Investory.io, European leader invested by Speedinvest and Startup Wise Guys, in 2019.<br \/>\nI have also been the founder of Intentio from 2009-15, and have contributed to the ecosystem as a mentor on venture finance, fundraising, validation and growth.<\/p>\n<p>My professional experience also includes a couple of years as an innovation consultant, helping to create corporate venture and innovation programs for multiple industry sectors.<br \/>\nI hold a Bachelor of Business Administration (BBA) from the S\u00e3o Paulo School of Business at Funda\u00e7\u00e3o Getulio Vargas (EAESP-FGV), with a Private Equity and Venture Capital Extention from Insper-SP.<\/p>\n                    <\/div>\n\n                <\/div>\n\n            <\/div>\n\n                        \n        <div class=\"mentor-sections md:mt-24 mt-16 grid md:grid-cols-2 grid-cols-1 gap-8\">\n        \n                                                \n                <div class=\"mentor-section  \">\n            \n                    <p class=\"md:text-2xl text-xl\">\n                        Branchenwissen                     <\/p>\n                    \n                    <p class=\"md:mt-4 mt-2 md:text-xl text-lg\">\n                        Fintech                    <\/p>\n            \n                <\/div>\n            \n                                    \n                <div class=\"mentor-section  md:pt-0 pt-5 md:border-t-0 border-t-2 border-black\">\n            \n                    <p class=\"md:text-2xl text-xl\">\n                        Erfahren in                      <\/p>\n                    \n                    <p class=\"md:mt-4 mt-2 md:text-xl text-lg\">\n                        B2B &amp; B2C                    <\/p>\n            \n                <\/div>\n            \n                                    \n                <div class=\"mentor-section border-t-2 border-black pt-5 \">\n            \n                    <p class=\"md:text-2xl text-xl\">\n                        Gesch\u00e4ftskompetenz                     <\/p>\n                    \n                    <p class=\"md:mt-4 mt-2 md:text-xl text-lg\">\n                        Gesch\u00e4ftsentwicklung, Finanzen, Finanzierung, Marketing, Betrieb, Produkt, Verkauf, Strategie                    <\/p>\n            \n                <\/div>\n            \n                                    \n                <div class=\"mentor-section border-t-2 border-black pt-5 \">\n            \n                    <p class=\"md:text-2xl text-xl\">\n                        Vorige Unternehmen                     <\/p>\n                    \n                    <p class=\"md:mt-4 mt-2 md:text-xl text-lg\">\n                        Konzerne: Mahle, Syngenta, Sadia<br \/>\nStartups: Investory (Novare), Netspaces, Pluggy                    <\/p>\n            \n                <\/div>\n            \n                                            \n        <\/div>\n\t\n    <\/div>  \n\n    \n    <div class=\"border-t-2 border-black md:mt-24 mt-16 pt-6\">\n        <div class=\"flex justify-between text-xl\"><div class=\"alignright custom-css\"><p class=\"no-next-page opacity-50 cursor-not-allowed\">Previous Mentors<\/p><\/div><div class=\"alignright\"><a href=\"https:\/\/mail.german-x.com\/de\/supporters\/mentoren\/karin-jork-wellbrock\/\"title=\"Karin Jork-Wellbrock\">Next Mentor<\/a><\/div><\/div>    <\/div>\n        \n<\/div>","protected":false},"excerpt":{"rendered":"","protected":false},"author":3,"featured_media":0,"parent":0,"menu_order":0,"comment_status":"closed","ping_status":"closed","template":"","meta":{"_acf_changed":false,"footnotes":""},"class_list":["post-7983","page","type-page","status-publish","hentry"],"acf":[],"yoast_head":"<!-- This site is optimized with the Yoast SEO plugin v27.4 - https:\/\/yoast.com\/product\/yoast-seo-wordpress\/ -->\n<title>Filipe Costa | GERMAN X<\/title>\n<meta name=\"robots\" content=\"index, follow, max-snippet:-1, max-image-preview:large, max-video-preview:-1\" \/>\n<link rel=\"canonical\" href=\"https:\/\/mail.german-x.com\/de\/filipe-costa\/\" \/>\n<meta property=\"og:locale\" content=\"de_DE\" \/>\n<meta property=\"og:type\" content=\"article\" \/>\n<meta property=\"og:title\" content=\"Filipe Costa | GERMAN X\" \/>\n<meta property=\"og:url\" content=\"https:\/\/mail.german-x.com\/de\/filipe-costa\/\" \/>\n<meta property=\"og:site_name\" content=\"GERMAN X\" \/>\n<meta property=\"article:modified_time\" content=\"2024-10-14T11:01:48+00:00\" \/>\n<meta name=\"twitter:card\" content=\"summary_large_image\" \/>\n<script type=\"application\/ld+json\" class=\"yoast-schema-graph\">{\"@context\":\"https:\\\/\\\/schema.org\",\"@graph\":[{\"@type\":\"WebPage\",\"@id\":\"https:\\\/\\\/mail.german-x.com\\\/de\\\/filipe-costa\\\/\",\"url\":\"https:\\\/\\\/mail.german-x.com\\\/de\\\/filipe-costa\\\/\",\"name\":\"Filipe Costa | GERMAN X\",\"isPartOf\":{\"@id\":\"\\\/#website\"},\"datePublished\":\"2023-06-22T12:48:49+00:00\",\"dateModified\":\"2024-10-14T11:01:48+00:00\",\"breadcrumb\":{\"@id\":\"https:\\\/\\\/mail.german-x.com\\\/de\\\/filipe-costa\\\/#breadcrumb\"},\"inLanguage\":\"de\",\"potentialAction\":[{\"@type\":\"ReadAction\",\"target\":[\"https:\\\/\\\/mail.german-x.com\\\/de\\\/filipe-costa\\\/\"]}]},{\"@type\":\"BreadcrumbList\",\"@id\":\"https:\\\/\\\/mail.german-x.com\\\/de\\\/filipe-costa\\\/#breadcrumb\",\"itemListElement\":[{\"@type\":\"ListItem\",\"position\":1,\"name\":\"GERMAN X\",\"item\":\"https:\\\/\\\/german-x.com\\\/de\\\/\"},{\"@type\":\"ListItem\",\"position\":2,\"name\":\"Filipe Costa\"}]},{\"@type\":\"WebSite\",\"@id\":\"\\\/#website\",\"url\":\"\\\/\",\"name\":\"GERMAN X\",\"description\":\"Entdecke etablierte \u00d6kosysteme und bereite gemeinsam mit GERMAN X den Markteintritt in ein Ausland vor.\",\"publisher\":{\"@id\":\"\\\/#organization\"},\"alternateName\":\"GERMAN X\",\"potentialAction\":[{\"@type\":\"SearchAction\",\"target\":{\"@type\":\"EntryPoint\",\"urlTemplate\":\"\\\/?s={search_term_string}\"},\"query-input\":{\"@type\":\"PropertyValueSpecification\",\"valueRequired\":true,\"valueName\":\"search_term_string\"}}],\"inLanguage\":\"de\"},{\"@type\":\"Organization\",\"@id\":\"\\\/#organization\",\"name\":\"GERMAN X\",\"url\":\"\\\/\",\"logo\":{\"@type\":\"ImageObject\",\"inLanguage\":\"de\",\"@id\":\"\\\/#\\\/schema\\\/logo\\\/image\\\/\",\"url\":\"https:\\\/\\\/www.germanx.com\\\/wp-content\\\/uploads\\\/2022\\\/11\\\/logo-germanx.png\",\"contentUrl\":\"https:\\\/\\\/www.germanx.com\\\/wp-content\\\/uploads\\\/2022\\\/11\\\/logo-germanx.png\",\"width\":408,\"height\":88,\"caption\":\"GERMAN X\"},\"image\":{\"@id\":\"\\\/#\\\/schema\\\/logo\\\/image\\\/\"},\"sameAs\":[\"https:\\\/\\\/www.linkedin.com\\\/company\\\/germanx\\\/\"]}]}<\/script>\n<!-- \/ Yoast SEO plugin. -->","yoast_head_json":{"title":"Filipe Costa | GERMAN X","robots":{"index":"index","follow":"follow","max-snippet":"max-snippet:-1","max-image-preview":"max-image-preview:large","max-video-preview":"max-video-preview:-1"},"canonical":"https:\/\/mail.german-x.com\/de\/filipe-costa\/","og_locale":"de_DE","og_type":"article","og_title":"Filipe Costa | GERMAN X","og_url":"https:\/\/mail.german-x.com\/de\/filipe-costa\/","og_site_name":"GERMAN X","article_modified_time":"2024-10-14T11:01:48+00:00","twitter_card":"summary_large_image","schema":{"@context":"https:\/\/schema.org","@graph":[{"@type":"WebPage","@id":"https:\/\/mail.german-x.com\/de\/filipe-costa\/","url":"https:\/\/mail.german-x.com\/de\/filipe-costa\/","name":"Filipe Costa | GERMAN X","isPartOf":{"@id":"\/#website"},"datePublished":"2023-06-22T12:48:49+00:00","dateModified":"2024-10-14T11:01:48+00:00","breadcrumb":{"@id":"https:\/\/mail.german-x.com\/de\/filipe-costa\/#breadcrumb"},"inLanguage":"de","potentialAction":[{"@type":"ReadAction","target":["https:\/\/mail.german-x.com\/de\/filipe-costa\/"]}]},{"@type":"BreadcrumbList","@id":"https:\/\/mail.german-x.com\/de\/filipe-costa\/#breadcrumb","itemListElement":[{"@type":"ListItem","position":1,"name":"GERMAN X","item":"https:\/\/german-x.com\/de\/"},{"@type":"ListItem","position":2,"name":"Filipe Costa"}]},{"@type":"WebSite","@id":"\/#website","url":"\/","name":"GERMAN X","description":"Entdecke etablierte \u00d6kosysteme und bereite gemeinsam mit GERMAN X den Markteintritt in ein Ausland vor.","publisher":{"@id":"\/#organization"},"alternateName":"GERMAN X","potentialAction":[{"@type":"SearchAction","target":{"@type":"EntryPoint","urlTemplate":"\/?s={search_term_string}"},"query-input":{"@type":"PropertyValueSpecification","valueRequired":true,"valueName":"search_term_string"}}],"inLanguage":"de"},{"@type":"Organization","@id":"\/#organization","name":"GERMAN X","url":"\/","logo":{"@type":"ImageObject","inLanguage":"de","@id":"\/#\/schema\/logo\/image\/","url":"https:\/\/www.germanx.com\/wp-content\/uploads\/2022\/11\/logo-germanx.png","contentUrl":"https:\/\/www.germanx.com\/wp-content\/uploads\/2022\/11\/logo-germanx.png","width":408,"height":88,"caption":"GERMAN X"},"image":{"@id":"\/#\/schema\/logo\/image\/"},"sameAs":["https:\/\/www.linkedin.com\/company\/germanx\/"]}]}},"_links":{"self":[{"href":"https:\/\/mail.german-x.com\/de\/wp-json\/wp\/v2\/pages\/7983","targetHints":{"allow":["GET"]}}],"collection":[{"href":"https:\/\/mail.german-x.com\/de\/wp-json\/wp\/v2\/pages"}],"about":[{"href":"https:\/\/mail.german-x.com\/de\/wp-json\/wp\/v2\/types\/page"}],"author":[{"embeddable":true,"href":"https:\/\/mail.german-x.com\/de\/wp-json\/wp\/v2\/users\/3"}],"replies":[{"embeddable":true,"href":"https:\/\/mail.german-x.com\/de\/wp-json\/wp\/v2\/comments?post=7983"}],"version-history":[{"count":3,"href":"https:\/\/mail.german-x.com\/de\/wp-json\/wp\/v2\/pages\/7983\/revisions"}],"predecessor-version":[{"id":8010,"href":"https:\/\/mail.german-x.com\/de\/wp-json\/wp\/v2\/pages\/7983\/revisions\/8010"}],"wp:attachment":[{"href":"https:\/\/mail.german-x.com\/de\/wp-json\/wp\/v2\/media?parent=7983"}],"curies":[{"name":"wp","href":"https:\/\/api.w.org\/{rel}","templated":true}]}}