{"id":7939,"date":"2022-03-16T22:34:03","date_gmt":"2022-03-16T21:34:03","guid":{"rendered":"https:\/\/german-x.com\/bewerbungsformular\/"},"modified":"2025-02-18T15:11:55","modified_gmt":"2025-02-18T14:11:55","slug":"bewerbungsformular","status":"publish","type":"page","link":"https:\/\/mail.german-x.com\/de\/bewerbungsformular\/","title":{"rendered":"Bewerbungsformular"},"content":{"rendered":"<div id=\"application-form-block_6232573b9c709\" class=\"application-form md:my-24 my-16\">\n    \n    <h1 class=\"md:text-5xl text-3xl font-bold uppercase md:leading-snug leading-snug\">\n        ANTRAGSFORMULAR F\u00dcR ARBEITSTITEL    <\/h1>\n    \n    <p class=\"mt-9 md:text-2xl text-xl\">\n        Lorem ipsum dolor sit amet, consetetur sadipscing elitr, sed diam nonumy eirmod tempor invidunt ut labore et dolore magna aliquyam erat, sed diam voluptua.    <\/p>\n    \n    <div class=\"mt-11 grid md:grid-cols-2 gap-8 md:text-xl text-lg\">\n    \n        <p>\n            Lorem ipsum dolor sit amet, consetetur sadipscing elitr, sed diam nonumy eirmod tempor invidunt ut labore et dolore magna aliquyam erat, sed diam voluptua. At vero eos et accusam et justo duo dolores et ea rebum. Stet clita kasd gubergren, no sea takimata sanctus est Lorem ipsum dolor sit amet. Lorem ipsum dolor sit amet, consetetur sadipscing elitr.           <\/p>\n        \n        <p>\n            At vero eos et accusam et justo duo dolores et ea rebum. Stet clita kasd gubergren, no sea takimata sanctus est Lorem ipsum dolor sit amet. Lorem ipsum dolor sit amet, consetetur sadipscing elitr, sed diam nonumy eirmod tempor invidunt ut labore et dolore magna aliquyam erat, sed diam voluptua.          <\/p>\n    \n    <\/div>\n    \n    <div class=\"md:mt-20 mt-12 grid md:grid-cols-2 grid-cols-1 gap-8\">\n    \n                 \n\n            <div class=\"grid grid-cols-12\">\n\n                <div class=\"mt-0.5 col-span-3 h-full relative\">\n                \n                    <div class=\"absolute inset-y-0 left-0 right-10\">\n                                            <\/div>\n                    \n                <\/div>\n                    \n                <div class=\"col-span-9\">\n                \n                    <p class=\"font-bold md:text-2xl text-xl\">\n                        GERMAN X Spielbuch                    <\/p>\n\n                    <p class=\"mt-2 text-base\">\n                        Lorem ipsum dolor sit amet, consetetur sadipscing elitr, sed diam nonumy eirmod tempor.                    <\/p>\n\n                    <a href=\"https:\/\/mail.german-x.com\/wp-content\/uploads\/2022\/03\/download-icon.png\" target=\"_blank\" rel=\"noopener noreferrer\"  class=\"mt-5 cursor-pointer flex gap-2.5 items-center\">\n\n                        <div class=\"w-auto h-6\">\n                            <svg class=\"w-auto h-full\" viewBox=\"0 0 25 25\" xmlns=\"http:\/\/www.w3.org\/2000\/svg\" xml:space=\"preserve\" style=\"fill-rule:evenodd;clip-rule:evenodd\"><path d=\"m13 20 4.33-7.5H8.67L13 20Zm-.75-20v13.25h1.5V0h-1.5Z\" style=\"fill-rule:nonzero\"\/><path d=\"M1 15v9h23v-9\" style=\"fill:none;fill-rule:nonzero;stroke:#000;stroke-width:1.5px\"\/><\/svg>                        <\/div>\n                        \n                        <p class=\"font-bold text-sm\">Download<\/p>\n\n                    <\/a>\n                    \n                <\/div>\n\n            <\/div>    \n\n         \n\n            <div class=\"grid grid-cols-12\">\n\n                <div class=\"mt-0.5 col-span-3 h-full relative\">\n                \n                    <div class=\"absolute inset-y-0 left-0 right-10\">\n                                            <\/div>\n                    \n                <\/div>\n                    \n                <div class=\"col-span-9\">\n                \n                    <p class=\"font-bold md:text-2xl text-xl\">\n                        GERMAN X Kapitel Richtlinien                    <\/p>\n\n                    <p class=\"mt-2 text-base\">\n                        Lorem ipsum dolor sit amet, consetetur sadipscing elitr, sed diam nonumy eirmod tempor.                    <\/p>\n\n                    <a href=\"https:\/\/mail.german-x.com\/wp-content\/uploads\/2022\/03\/download-icon.png\" target=\"_blank\" rel=\"noopener noreferrer\"  class=\"mt-5 cursor-pointer flex gap-2.5 items-center\">\n\n                        <div class=\"w-auto h-6\">\n                            <svg class=\"w-auto h-full\" viewBox=\"0 0 25 25\" xmlns=\"http:\/\/www.w3.org\/2000\/svg\" xml:space=\"preserve\" style=\"fill-rule:evenodd;clip-rule:evenodd\"><path d=\"m13 20 4.33-7.5H8.67L13 20Zm-.75-20v13.25h1.5V0h-1.5Z\" style=\"fill-rule:nonzero\"\/><path d=\"M1 15v9h23v-9\" style=\"fill:none;fill-rule:nonzero;stroke:#000;stroke-width:1.5px\"\/><\/svg>                        <\/div>\n                        \n                        <p class=\"font-bold text-sm\">Download<\/p>\n\n                    <\/a>\n                    \n                <\/div>\n\n            <\/div>    \n\n                \t\n    <\/div>   \n        \n<\/div>\n<div class=\"wp-block-contact-form-7-contact-form-selector\">\n<div class=\"wpcf7 no-js\" id=\"wpcf7-f2761-o1\" lang=\"en-US\" dir=\"ltr\" data-wpcf7-id=\"2761\">\n<div class=\"screen-reader-response\"><p role=\"status\" aria-live=\"polite\" aria-atomic=\"true\"><\/p> <ul><\/ul><\/div>\n<form action=\"\/de\/wp-json\/wp\/v2\/pages\/7939#wpcf7-f2761-o1\" method=\"post\" class=\"wpcf7-form init\" aria-label=\"Contact form\" novalidate=\"novalidate\" data-status=\"init\">\n<fieldset class=\"hidden-fields-container\"><input type=\"hidden\" name=\"_wpcf7\" value=\"2761\" \/><input type=\"hidden\" name=\"_wpcf7_version\" value=\"6.1.5\" \/><input type=\"hidden\" name=\"_wpcf7_locale\" value=\"en_US\" \/><input type=\"hidden\" name=\"_wpcf7_unit_tag\" value=\"wpcf7-f2761-o1\" \/><input type=\"hidden\" name=\"_wpcf7_container_post\" value=\"0\" \/><input type=\"hidden\" name=\"_wpcf7_posted_data_hash\" value=\"\" \/>\n<\/fieldset>\n<div class=\"my-4\">\n\t<h2 class=\"md:text-4xl text-3xl font-bold uppercase md:leading-snug leading-snug\">Ready to lead? Let\u2018s talk.\n\t<\/h2>\n\t<div class=\"md:mt-7 mt-5 prose prose-cf7  max-w-4xl novalidate\">\n\t\t<div class=\"mt-5 grid grid-cols-12 gap-y-2 md:gap-x-8 gap-x-5\">\n\t\t\t<div class=\"md:col-span-6 col-span-12\">\n\t\t\t\t<p><span class=\"wpcf7-form-control-wrap\" data-name=\"firstname\"><input size=\"40\" maxlength=\"400\" class=\"wpcf7-form-control wpcf7-text wpcf7-validates-as-required field w-full mt-3\" id=\"firstname\" aria-required=\"true\" aria-invalid=\"false\" placeholder=\"First name\" value=\"\" type=\"text\" name=\"firstname\" \/><\/span>\n\t\t\t\t<\/p>\n\t\t\t<\/div>\n\t\t\t<div class=\"md:col-span-6 col-span-12\">\n\t\t\t\t<p><span class=\"wpcf7-form-control-wrap\" data-name=\"street\"><input size=\"40\" maxlength=\"400\" class=\"wpcf7-form-control wpcf7-text wpcf7-validates-as-required field w-full mt-3\" id=\"street\" aria-required=\"true\" aria-invalid=\"false\" placeholder=\"Street\" value=\"\" type=\"text\" name=\"street\" \/><\/span>\n\t\t\t\t<\/p>\n\t\t\t<\/div>\n\t\t\t<div class=\"md:col-span-6 col-span-12\">\n\t\t\t\t<p><span class=\"wpcf7-form-control-wrap\" data-name=\"lastname\"><input size=\"40\" maxlength=\"400\" class=\"wpcf7-form-control wpcf7-text wpcf7-validates-as-required field w-full mt-3\" id=\"lastname\" aria-required=\"true\" aria-invalid=\"false\" placeholder=\"Last name\" value=\"\" type=\"text\" name=\"lastname\" \/><\/span>\n\t\t\t\t<\/p>\n\t\t\t<\/div>\n\t\t\t<div class=\"md:col-span-6 col-span-12\">\n\t\t\t\t<p><span class=\"wpcf7-form-control-wrap\" data-name=\"zip\"><input size=\"40\" maxlength=\"400\" class=\"wpcf7-form-control wpcf7-text wpcf7-validates-as-required field w-full mt-3\" id=\"zip\" aria-required=\"true\" aria-invalid=\"false\" placeholder=\"ZIP \/ City\" value=\"\" type=\"text\" name=\"zip\" \/><\/span>\n\t\t\t\t<\/p>\n\t\t\t<\/div>\n\t\t\t<div class=\"md:col-span-6 col-span-12\">\n\t\t\t\t<p><span class=\"wpcf7-form-control-wrap\" data-name=\"phonenumber\"><input size=\"40\" maxlength=\"400\" class=\"wpcf7-form-control wpcf7-text field w-full mt-3\" id=\"phonenumber\" aria-invalid=\"false\" placeholder=\"Phone number\" value=\"\" type=\"text\" name=\"phonenumber\" \/><\/span>\n\t\t\t\t<\/p>\n\t\t\t<\/div>\n\t\t\t<div class=\"md:col-span-6 col-span-12\">\n\t\t\t\t<p><span class=\"wpcf7-form-control-wrap\" data-name=\"email\"><input size=\"40\" maxlength=\"400\" class=\"wpcf7-form-control wpcf7-email wpcf7-validates-as-required wpcf7-text wpcf7-validates-as-email field w-full mt-3\" id=\"email\" aria-required=\"true\" aria-invalid=\"false\" placeholder=\"Email\" value=\"\" type=\"email\" name=\"email\" \/><\/span>\n\t\t\t\t<\/p>\n\t\t\t<\/div>\n\t\t\t<div class=\"md:col-span-6 col-span-12\">\n\t\t\t\t<p><span class=\"wpcf7-form-control-wrap\" data-name=\"linkedin\"><input size=\"40\" maxlength=\"400\" class=\"wpcf7-form-control wpcf7-text field w-full mt-3\" id=\"linkedin\" aria-invalid=\"false\" placeholder=\"LinkedIn URL\" value=\"\" type=\"text\" name=\"linkedin\" \/><\/span>\n\t\t\t\t<\/p>\n\t\t\t<\/div>\n\t\t\t<div class=\"md:col-span-6 col-span-12\">\n\t\t\t\t<p><span class=\"wpcf7-form-control-wrap\" data-name=\"title\"><input size=\"40\" maxlength=\"400\" class=\"wpcf7-form-control wpcf7-text field w-full mt-3\" id=\"title\" aria-invalid=\"false\" placeholder=\"Job Title\" value=\"\" type=\"text\" name=\"title\" \/><\/span>\n\t\t\t\t<\/p>\n\t\t\t<\/div>\n\t\t\t<div class=\"field-group mt-6 col-span-12\">\n\t\t\t\t<p class=\"field-head\">Please select your business expertise.\n\t\t\t\t<\/p>\n\t\t\t\t<div class=\"mt-3\">\n\t\t\t\t\t<p><span class=\"wpcf7-form-control-wrap\" data-name=\"business-expertise\"><span class=\"wpcf7-form-control wpcf7-checkbox wpcf7-validates-as-required add-fields flex flex-wrap gap-4\" id=\"cm-business-expertise\"><span class=\"wpcf7-list-item first\"><label><input type=\"checkbox\" name=\"business-expertise[]\" value=\"Business Development\" \/><span class=\"wpcf7-list-item-label\">Business Development<\/span><\/label><\/span><span class=\"wpcf7-list-item\"><label><input type=\"checkbox\" name=\"business-expertise[]\" value=\"Controlling\" \/><span class=\"wpcf7-list-item-label\">Controlling<\/span><\/label><\/span><span class=\"wpcf7-list-item\"><label><input type=\"checkbox\" name=\"business-expertise[]\" value=\"Finance\" \/><span class=\"wpcf7-list-item-label\">Finance<\/span><\/label><\/span><span class=\"wpcf7-list-item\"><label><input type=\"checkbox\" name=\"business-expertise[]\" value=\"Funding\" \/><span class=\"wpcf7-list-item-label\">Funding<\/span><\/label><\/span><span class=\"wpcf7-list-item\"><label><input type=\"checkbox\" name=\"business-expertise[]\" value=\"Human Resources\" \/><span class=\"wpcf7-list-item-label\">Human Resources<\/span><\/label><\/span><span class=\"wpcf7-list-item\"><label><input type=\"checkbox\" name=\"business-expertise[]\" value=\"IT\" \/><span class=\"wpcf7-list-item-label\">IT<\/span><\/label><\/span><span class=\"wpcf7-list-item\"><label><input type=\"checkbox\" name=\"business-expertise[]\" value=\"Legal\" \/><span class=\"wpcf7-list-item-label\">Legal<\/span><\/label><\/span><span class=\"wpcf7-list-item\"><label><input type=\"checkbox\" name=\"business-expertise[]\" value=\"Marketing\" \/><span class=\"wpcf7-list-item-label\">Marketing<\/span><\/label><\/span><span class=\"wpcf7-list-item\"><label><input type=\"checkbox\" name=\"business-expertise[]\" value=\"Operations\" \/><span class=\"wpcf7-list-item-label\">Operations<\/span><\/label><\/span><span class=\"wpcf7-list-item\"><label><input type=\"checkbox\" name=\"business-expertise[]\" value=\"Product\" \/><span class=\"wpcf7-list-item-label\">Product<\/span><\/label><\/span><span class=\"wpcf7-list-item\"><label><input type=\"checkbox\" name=\"business-expertise[]\" value=\"Sales\" \/><span class=\"wpcf7-list-item-label\">Sales<\/span><\/label><\/span><span class=\"wpcf7-list-item\"><label><input type=\"checkbox\" name=\"business-expertise[]\" value=\"Strategy\" \/><span class=\"wpcf7-list-item-label\">Strategy<\/span><\/label><\/span><span class=\"wpcf7-list-item\"><label><input type=\"checkbox\" name=\"business-expertise[]\" value=\"Tax\" \/><span class=\"wpcf7-list-item-label\">Tax<\/span><\/label><\/span><span class=\"wpcf7-list-item last\"><label><input type=\"checkbox\" name=\"business-expertise[]\" value=\"Other\" \/><span class=\"wpcf7-list-item-label\">Other<\/span><\/label><\/span><\/span><\/span>\n\t\t\t\t\t<\/p>\n\t\t\t\t\t<div class=\"add-field mt-3 hidden\">\n\t\t\t\t\t\t<p><span class=\"wpcf7-form-control-wrap\" data-name=\"add-business-expertise\"><input size=\"40\" maxlength=\"400\" class=\"wpcf7-form-control wpcf7-text field w-full mt-3\" id=\"cm-ad-business-expertise\" aria-invalid=\"false\" placeholder=\"Other\/additional\" value=\"\" type=\"text\" name=\"add-business-expertise\" \/><\/span>\n\t\t\t\t\t\t<\/p>\n\t\t\t\t\t<\/div>\n\t\t\t\t<\/div>\n\t\t\t<\/div>\n\t\t\t<div class=\"mt-6 col-span-12\">\n\t\t\t\t<p class=\"field-head\">In which city you want to open up a new GERMAN X Chapter?\n\t\t\t\t<\/p>\n\t\t\t\t<p><span class=\"wpcf7-form-control-wrap\" data-name=\"city\"><input size=\"40\" maxlength=\"400\" class=\"wpcf7-form-control wpcf7-text wpcf7-validates-as-required field w-full mt-3\" id=\"city\" aria-required=\"true\" aria-invalid=\"false\" placeholder=\"City\" value=\"\" type=\"text\" name=\"city\" \/><\/span>\n\t\t\t\t<\/p>\n\t\t\t<\/div>\n\t\t\t<div class=\"mt-6 col-span-12\">\n\t\t\t\t<p class=\"field-head\">What is your personal motivation to start a GERMAN X Chapter?\n\t\t\t\t<\/p>\n\t\t\t\t<p><span class=\"wpcf7-form-control-wrap\" data-name=\"motivation\"><input size=\"40\" maxlength=\"400\" class=\"wpcf7-form-control wpcf7-text wpcf7-validates-as-required field w-full mt-3\" id=\"motivation\" aria-required=\"true\" aria-invalid=\"false\" placeholder=\"Motivation\" value=\"\" type=\"text\" name=\"motivation\" \/><\/span>\n\t\t\t\t<\/p>\n\t\t\t<\/div>\n\t\t\t<div class=\"mt-6 col-span-12\">\n\t\t\t\t<p class=\"field-head\">How many local partners and members do you expect in the first year?\n\t\t\t\t<\/p>\n\t\t\t\t<div class=\"grid md:grid-cols-2 grid-cols-1 md:gap-y-0 gap-y-3 md:gap-x-8 gap-x-5\">\n\t\t\t\t\t<div>\n\t\t\t\t\t\t<p class=\"md:mt-0 mt-3 field-head-small\">Local partners\n\t\t\t\t\t\t<\/p>\n\t\t\t\t\t\t<p><span class=\"wpcf7-form-control-wrap\" data-name=\"partners\"><input size=\"40\" maxlength=\"400\" class=\"wpcf7-form-control wpcf7-text wpcf7-validates-as-required field w-full mt-3\" id=\"partners\" aria-required=\"true\" aria-invalid=\"false\" placeholder=\"Partners\" value=\"\" type=\"text\" name=\"partners\" \/><\/span>\n\t\t\t\t\t\t<\/p>\n\t\t\t\t\t<\/div>\n\t\t\t\t\t<div>\n\t\t\t\t\t\t<p class=\"field-head-small\">Members\n\t\t\t\t\t\t<\/p>\n\t\t\t\t\t\t<p><span class=\"wpcf7-form-control-wrap\" data-name=\"partners\"><input size=\"40\" maxlength=\"400\" class=\"wpcf7-form-control wpcf7-text wpcf7-validates-as-required field w-full mt-3\" aria-required=\"true\" aria-invalid=\"false\" placeholder=\"Members\" value=\"\" type=\"text\" name=\"partners\" \/><\/span>\n\t\t\t\t\t\t<\/p>\n\t\t\t\t\t<\/div>\n\t\t\t\t<\/div>\n\t\t\t<\/div>\n\t\t\t<div class=\"mt-6 col-span-12\">\n\t\t\t\t<p class=\"field-head\">Your place for further comments or questions.\n\t\t\t\t<\/p>\n\t\t\t\t<div class=\"mt-3\">\n\t\t\t\t\t<p><span class=\"wpcf7-form-control-wrap\" data-name=\"comments\"><textarea cols=\"40\" rows=\"10\" maxlength=\"2000\" class=\"wpcf7-form-control wpcf7-textarea field w-full h-24 mt-3\" id=\"comment\" aria-invalid=\"false\" placeholder=\"Comment\" name=\"comments\"><\/textarea><\/span>\n\t\t\t\t\t<\/p>\n\t\t\t\t<\/div>\n\t\t\t<\/div>\n\t\t\t<div class=\"mt-6 col-span-12\">\n\t\t\t\t<p class=\"field-head\">Please download the Guidelines and the Playbook.\n\t\t\t\t<\/p>\n\t\t\t\t<div class=\"mt-3 grid md:grid-cols-2 grid-cols-1 md:gap-y-0 gap-y-3 md:gap-x-8 gap-x-5\">\n\t\t\t\t\t<div>\n\t\t\t\t\t\t<div class=\"flex items-center gap-5\">\n\t\t\t\t\t\t\t<p class=\"font-bold md:text-2xl text-xl\">GERMANX_Guidelines\n\t\t\t\t\t\t\t<\/p>\n\t\t\t\t\t\t\t<p class=\"text-base\">(111 kB)\n\t\t\t\t\t\t\t<\/p>\n\t\t\t\t\t\t<\/div>\n\t\t\t\t\t\t<p><a href=\"https:\/\/www.germanx.com\/wp-content\/uploads\/2023\/01\/20221219_GERMANX_Community_Guidelines.pdf\" target=\"_blank\" rel=\"noopener noreferrer\" class=\"-mt-2 cursor-pointer\"><span class=\"font-bold text-base\">Download<\/span><\/a>\n\t\t\t\t\t\t<\/p>\n\t\t\t\t\t<\/div>\n\t\t\t\t\t<div>\n\t\t\t\t\t\t<div class=\"flex items-center gap-5\">\n\t\t\t\t\t\t\t<p class=\"font-bold md:text-2xl text-xl\">GERMANX_Playbook\n\t\t\t\t\t\t\t<\/p>\n\t\t\t\t\t\t\t<p class=\"text-base\">(170 kB)\n\t\t\t\t\t\t\t<\/p>\n\t\t\t\t\t\t<\/div>\n\t\t\t\t\t\t<p><a href=\"https:\/\/www.germanx.com\/wp-content\/uploads\/2023\/01\/20221219_GERMANX_Community_Playbook.pdf\" target=\"_blank\" rel=\"noopener noreferrer\" class=\"-mt-2 cursor-pointer\"><span class=\"font-bold text-base\">Download<\/span><\/a>\n\t\t\t\t\t\t<\/p>\n\t\t\t\t\t<\/div>\n\t\t\t\t<\/div>\n\t\t\t<\/div>\n\t\t<\/div>\n\t\t<div class=\"md:mt-12 mt-8 col-span-12\">\n\t\t\t<p><span class=\"wpcf7-form-control-wrap\" data-name=\"acceptance-chapter\"><span class=\"wpcf7-form-control wpcf7-acceptance\"><span class=\"wpcf7-list-item\"><label><input type=\"checkbox\" name=\"acceptance-chapter\" value=\"1\" class=\"acceptance\" id=\"acceptance-chapter\" aria-invalid=\"false\" \/><span class=\"wpcf7-list-item-label\">I have read the guidelines for a GERMAN X Chapter and confirm them.<\/span><\/label><\/span><\/span><\/span>\n\t\t\t<\/p>\n\t\t\t<div class=\"mt-4\">\n\t\t\t\t<p><span class=\"wpcf7-form-control-wrap\" data-name=\"acceptance-privacy\"><span class=\"wpcf7-form-control wpcf7-acceptance\"><span class=\"wpcf7-list-item\"><label><input type=\"checkbox\" name=\"acceptance-privacy\" value=\"1\" class=\"acceptance\" id=\"acceptance-privacy\" aria-invalid=\"false\" \/><span class=\"wpcf7-list-item-label\">I accept the <a href=\"\/privacy-policy\" target=\"_blank\">privacy policy<\/a><\/span><\/label><\/span><\/span><\/span>\n\t\t\t\t<\/p>\n\t\t\t<\/div>\n\t\t<\/div>\n\t\t<p><input class=\"wpcf7-form-control wpcf7-submit has-spinner apply\" id=\"apply\" type=\"submit\" value=\"Apply now\" \/>\n\t\t<\/p>\n\t<\/div>\n<\/div><div class=\"wpcf7-response-output\" aria-hidden=\"true\"><\/div>\n<\/form>\n<\/div>\n<\/div>\n<div id=\"news-block_623257849c70c\" class=\"news md:py-24 py-16 alignfullwidth bg-schwarz text-wei\u00df\">\n    \n    <div class=\"container mx-auto\">\n    \n        <h2 class=\"md:text-4xl text-2xl font-bold\">\n            Sind Sie bereit, ein neues GERMAN X Chapter zu gr\u00fcnden?        <\/h2>\n\n                 \n            <p class=\"mt-3 md:text-2xl text-lg\">   \n                Wir m\u00f6chten gemeinsam mit Ihnen und GERMAN X wachsen.            <\/p>  \n        \n        \n        \n            <a class=\"md:mt-8 mt-6 md:py-3.5 py-2 md:px-10 px-6 rounded-full inline-block md:text-2xl text-xl border-2 Rand-wei\u00df bg-wei\u00df text-schwarz hover:bg-schwarz hover:text-wei\u00df hover:Rand-wei\u00df\" href=\"https:\/\/www.germanx.com\/contact\/\" target=\"_self\">\n                Contact us            <\/a>\n\n        \n    <\/div>     \n\n<\/div>","protected":false},"excerpt":{"rendered":"","protected":false},"author":1,"featured_media":0,"parent":0,"menu_order":0,"comment_status":"closed","ping_status":"closed","template":"page-germanx.php","meta":{"_acf_changed":false,"footnotes":""},"class_list":["post-7939","page","type-page","status-publish","hentry"],"acf":[],"yoast_head":"<!-- This site is optimized with the Yoast SEO plugin v27.4 - https:\/\/yoast.com\/product\/yoast-seo-wordpress\/ -->\n<title>Bewerbungsformular | GERMAN X<\/title>\n<meta name=\"robots\" content=\"index, follow, max-snippet:-1, max-image-preview:large, max-video-preview:-1\" \/>\n<link rel=\"canonical\" href=\"https:\/\/mail.german-x.com\/de\/bewerbungsformular\/\" \/>\n<meta property=\"og:locale\" content=\"de_DE\" \/>\n<meta property=\"og:type\" content=\"article\" \/>\n<meta property=\"og:title\" content=\"Bewerbungsformular | GERMAN X\" \/>\n<meta property=\"og:url\" content=\"https:\/\/mail.german-x.com\/de\/bewerbungsformular\/\" \/>\n<meta property=\"og:site_name\" content=\"GERMAN X\" \/>\n<meta property=\"article:modified_time\" content=\"2025-02-18T14:11:55+00:00\" \/>\n<meta name=\"twitter:card\" content=\"summary_large_image\" \/>\n<script type=\"application\/ld+json\" class=\"yoast-schema-graph\">{\"@context\":\"https:\\\/\\\/schema.org\",\"@graph\":[{\"@type\":\"WebPage\",\"@id\":\"https:\\\/\\\/mail.german-x.com\\\/de\\\/bewerbungsformular\\\/\",\"url\":\"https:\\\/\\\/mail.german-x.com\\\/de\\\/bewerbungsformular\\\/\",\"name\":\"Bewerbungsformular | GERMAN X\",\"isPartOf\":{\"@id\":\"\\\/#website\"},\"datePublished\":\"2022-03-16T21:34:03+00:00\",\"dateModified\":\"2025-02-18T14:11:55+00:00\",\"breadcrumb\":{\"@id\":\"https:\\\/\\\/mail.german-x.com\\\/de\\\/bewerbungsformular\\\/#breadcrumb\"},\"inLanguage\":\"de\",\"potentialAction\":[{\"@type\":\"ReadAction\",\"target\":[\"https:\\\/\\\/mail.german-x.com\\\/de\\\/bewerbungsformular\\\/\"]}]},{\"@type\":\"BreadcrumbList\",\"@id\":\"https:\\\/\\\/mail.german-x.com\\\/de\\\/bewerbungsformular\\\/#breadcrumb\",\"itemListElement\":[{\"@type\":\"ListItem\",\"position\":1,\"name\":\"GERMAN X\",\"item\":\"https:\\\/\\\/german-x.com\\\/de\\\/\"},{\"@type\":\"ListItem\",\"position\":2,\"name\":\"Bewerbungsformular\"}]},{\"@type\":\"WebSite\",\"@id\":\"\\\/#website\",\"url\":\"\\\/\",\"name\":\"GERMAN X\",\"description\":\"Entdecke etablierte \u00d6kosysteme und bereite gemeinsam mit GERMAN X den Markteintritt in ein Ausland vor.\",\"publisher\":{\"@id\":\"\\\/#organization\"},\"alternateName\":\"GERMAN X\",\"potentialAction\":[{\"@type\":\"SearchAction\",\"target\":{\"@type\":\"EntryPoint\",\"urlTemplate\":\"\\\/?s={search_term_string}\"},\"query-input\":{\"@type\":\"PropertyValueSpecification\",\"valueRequired\":true,\"valueName\":\"search_term_string\"}}],\"inLanguage\":\"de\"},{\"@type\":\"Organization\",\"@id\":\"\\\/#organization\",\"name\":\"GERMAN X\",\"url\":\"\\\/\",\"logo\":{\"@type\":\"ImageObject\",\"inLanguage\":\"de\",\"@id\":\"\\\/#\\\/schema\\\/logo\\\/image\\\/\",\"url\":\"https:\\\/\\\/www.germanx.com\\\/wp-content\\\/uploads\\\/2022\\\/11\\\/logo-germanx.png\",\"contentUrl\":\"https:\\\/\\\/www.germanx.com\\\/wp-content\\\/uploads\\\/2022\\\/11\\\/logo-germanx.png\",\"width\":408,\"height\":88,\"caption\":\"GERMAN X\"},\"image\":{\"@id\":\"\\\/#\\\/schema\\\/logo\\\/image\\\/\"},\"sameAs\":[\"https:\\\/\\\/www.linkedin.com\\\/company\\\/germanx\\\/\"]}]}<\/script>\n<!-- \/ Yoast SEO plugin. -->","yoast_head_json":{"title":"Bewerbungsformular | GERMAN X","robots":{"index":"index","follow":"follow","max-snippet":"max-snippet:-1","max-image-preview":"max-image-preview:large","max-video-preview":"max-video-preview:-1"},"canonical":"https:\/\/mail.german-x.com\/de\/bewerbungsformular\/","og_locale":"de_DE","og_type":"article","og_title":"Bewerbungsformular | GERMAN X","og_url":"https:\/\/mail.german-x.com\/de\/bewerbungsformular\/","og_site_name":"GERMAN X","article_modified_time":"2025-02-18T14:11:55+00:00","twitter_card":"summary_large_image","schema":{"@context":"https:\/\/schema.org","@graph":[{"@type":"WebPage","@id":"https:\/\/mail.german-x.com\/de\/bewerbungsformular\/","url":"https:\/\/mail.german-x.com\/de\/bewerbungsformular\/","name":"Bewerbungsformular | GERMAN X","isPartOf":{"@id":"\/#website"},"datePublished":"2022-03-16T21:34:03+00:00","dateModified":"2025-02-18T14:11:55+00:00","breadcrumb":{"@id":"https:\/\/mail.german-x.com\/de\/bewerbungsformular\/#breadcrumb"},"inLanguage":"de","potentialAction":[{"@type":"ReadAction","target":["https:\/\/mail.german-x.com\/de\/bewerbungsformular\/"]}]},{"@type":"BreadcrumbList","@id":"https:\/\/mail.german-x.com\/de\/bewerbungsformular\/#breadcrumb","itemListElement":[{"@type":"ListItem","position":1,"name":"GERMAN X","item":"https:\/\/german-x.com\/de\/"},{"@type":"ListItem","position":2,"name":"Bewerbungsformular"}]},{"@type":"WebSite","@id":"\/#website","url":"\/","name":"GERMAN X","description":"Entdecke etablierte \u00d6kosysteme und bereite gemeinsam mit GERMAN X den Markteintritt in ein Ausland vor.","publisher":{"@id":"\/#organization"},"alternateName":"GERMAN X","potentialAction":[{"@type":"SearchAction","target":{"@type":"EntryPoint","urlTemplate":"\/?s={search_term_string}"},"query-input":{"@type":"PropertyValueSpecification","valueRequired":true,"valueName":"search_term_string"}}],"inLanguage":"de"},{"@type":"Organization","@id":"\/#organization","name":"GERMAN X","url":"\/","logo":{"@type":"ImageObject","inLanguage":"de","@id":"\/#\/schema\/logo\/image\/","url":"https:\/\/www.germanx.com\/wp-content\/uploads\/2022\/11\/logo-germanx.png","contentUrl":"https:\/\/www.germanx.com\/wp-content\/uploads\/2022\/11\/logo-germanx.png","width":408,"height":88,"caption":"GERMAN X"},"image":{"@id":"\/#\/schema\/logo\/image\/"},"sameAs":["https:\/\/www.linkedin.com\/company\/germanx\/"]}]}},"_links":{"self":[{"href":"https:\/\/mail.german-x.com\/de\/wp-json\/wp\/v2\/pages\/7939","targetHints":{"allow":["GET"]}}],"collection":[{"href":"https:\/\/mail.german-x.com\/de\/wp-json\/wp\/v2\/pages"}],"about":[{"href":"https:\/\/mail.german-x.com\/de\/wp-json\/wp\/v2\/types\/page"}],"author":[{"embeddable":true,"href":"https:\/\/mail.german-x.com\/de\/wp-json\/wp\/v2\/users\/1"}],"replies":[{"embeddable":true,"href":"https:\/\/mail.german-x.com\/de\/wp-json\/wp\/v2\/comments?post=7939"}],"version-history":[{"count":2,"href":"https:\/\/mail.german-x.com\/de\/wp-json\/wp\/v2\/pages\/7939\/revisions"}],"predecessor-version":[{"id":8917,"href":"https:\/\/mail.german-x.com\/de\/wp-json\/wp\/v2\/pages\/7939\/revisions\/8917"}],"wp:attachment":[{"href":"https:\/\/mail.german-x.com\/de\/wp-json\/wp\/v2\/media?parent=7939"}],"curies":[{"name":"wp","href":"https:\/\/api.w.org\/{rel}","templated":true}]}}